{"id":5,"date":"2016-04-05T14:22:54","date_gmt":"2016-04-05T12:22:54","guid":{"rendered":"http:\/\/demos.artbees.net\/jupiter5\/ruminus\/?page_id=5"},"modified":"2024-04-22T14:57:23","modified_gmt":"2024-04-22T18:57:23","slug":"photographie-estrie-2","status":"publish","type":"page","link":"https:\/\/www.bobsavard.com\/en\/","title":{"rendered":"Photography eastern townships"},"content":{"rendered":"[mk_page_section bg_color=&#8221;#f59502&#8243; full_width=&#8221;true&#8221; padding_top=&#8221;0&#8243; padding_bottom=&#8221;0&#8243; sidebar=&#8221;sidebar-1&#8243;][vc_column css=&#8221;.vc_custom_1562507042285{margin-top: -30px !important;}&#8221;][vc_column_text css=&#8221;.vc_custom_1562218447261{margin-top: 30px !important;margin-bottom: -50px !important;}&#8221;]\n<p class=\"quebec\" style=\"font-family: helvetica; text-align: center;\"><strong><span style=\"text-shadow: #424141 6px 6px 6px; color: #ffffff;\">Production everywhere in Quebec !<\/span><\/strong><\/p>\n[\/vc_column_text][\/vc_column][\/mk_page_section][vc_row fullwidth=&#8221;true&#8221; css=&#8221;.vc_custom_1562986088367{background-color: #000000 !important;}&#8221;][vc_column css=&#8221;.vc_custom_1562986520023{margin-bottom: -36px !important;}&#8221;][vc_raw_html]JTNDZGl2JTIwc3R5bGUlM0QlMjJwYWRkaW5nJTNBNDEuNjclMjUlMjAwJTIwMCUyMDAlM0Jwb3NpdGlvbiUzQXJlbGF0aXZlJTNCJTIyJTNFJTNDaWZyYW1lJTIwc3JjJTNEJTIyaHR0cHMlM0ElMkYlMkZwbGF5ZXIudmltZW8uY29tJTJGdmlkZW8lMkYyMjc3NjUxNTElM0Z0aXRsZSUzRDAlMjZieWxpbmUlM0QwJTI2cG9ydHJhaXQlM0QwJTIyJTIwc3R5bGUlM0QlMjJwb3NpdGlvbiUzQWFic29sdXRlJTNCdG9wJTNBMCUzQmxlZnQlM0EwJTNCd2lkdGglM0ExMDAlMjUlM0JoZWlnaHQlM0ExMDAlMjUlM0IlMjIlMjBmcmFtZWJvcmRlciUzRCUyMjAlMjIlMjBhbGxvdyUzRCUyMmF1dG9wbGF5JTNCJTIwZnVsbHNjcmVlbiUyMiUyMGFsbG93ZnVsbHNjcmVlbiUzRSUzQyUyRmlmcmFtZSUzRSUzQyUyRmRpdiUzRSUzQ3NjcmlwdCUyMHNyYyUzRCUyMmh0dHBzJTNBJTJGJTJGcGxheWVyLnZpbWVvLmNvbSUyRmFwaSUyRnBsYXllci5qcyUyMiUzRSUzQyUyRnNjcmlwdCUzRQ==[\/vc_raw_html][\/vc_column][\/vc_row][mk_page_section bg_image=&#8221;http:\/\/www.bobsavard.com\/wp-content\/uploads\/2016\/04\/equipement_2.jpg&#8221; attachment=&#8221;fixed&#8221; bg_repeat=&#8221;no-repeat&#8221; bg_stretch=&#8221;true&#8221; enable_3d=&#8221;true&#8221; video_color_mask=&#8221;rgba(0,0,0,0.6)&#8221; video_opacity=&#8221;0.4&#8243; top_shadow=&#8221;true&#8221; full_width=&#8221;true&#8221; padding_top=&#8221;90&#8243; padding_bottom=&#8221;125&#8243; sidebar=&#8221;sidebar-1&#8243;][vc_column][mk_fancy_title color=&#8221;#f59502&#8243; size=&#8221;56&#8243; force_font_size=&#8221;true&#8221; size_tablet=&#8221;40&#8243; font_weight=&#8221;300&#8243; txt_transform=&#8221;capitalize&#8221; margin_top=&#8221;&#8221; margin_bottom=&#8221;60&#8243; font_family=&#8221;Poppins&#8221; font_type=&#8221;google&#8221; align=&#8221;center&#8221; animation=&#8221;right-to-left&#8221;]Equipment[\/mk_fancy_title][vc_row_inner][vc_column_inner width=&#8221;1\/3&#8243;][mk_icon_box2 icon_size=&#8221;64&#8243; icon=&#8221;mk-moon-camera-3&#8243; icon_color=&#8221;#f59502&#8243; icon_hover_color=&#8221;#ffffff&#8221; icon_hover_background_color=&#8221;#f59502&#8243; title_size=&#8221;22&#8243; title_weight=&#8221;bold&#8221; title_color=&#8221;#f59502&#8243; title_top_padding=&#8221;20&#8243; title_bottom_padding=&#8221;0&#8243; description_color=&#8221;#ffffff&#8221;]<span style=\"color: #f59502;\">Camera Blackmagic 6K<\/span><\/p>\n<p><span style=\"color: #f59502;\">Available studio : 3,000, 5,000 et 10,000 square feet<\/span>[\/mk_icon_box2][mk_padding_divider size=&#8221;50&#8243; visibility=&#8221;visible-sm&#8221;][\/vc_column_inner][vc_column_inner width=&#8221;1\/3&#8243; css=&#8221;.vc_custom_1519135495427{margin-top: 42px !important;}&#8221;][mk_icon_box2 icon_type=&#8221;image&#8221; icon_size=&#8221;inherit&#8221; icon_image=&#8221;http:\/\/www.bobsavard.com\/wp-content\/uploads\/2016\/04\/prores_2.png&#8221; title=&#8221;Apple ProRes and RAW encoding&#8221; title_size=&#8221;22&#8243; title_weight=&#8221;bold&#8221; title_color=&#8221;#f59502&#8243; title_top_padding=&#8221;48&#8243; title_bottom_padding=&#8221;30&#8243; description_color=&#8221;#ffffff&#8221;]<span style=\"color: #65d4e8;\"><span style=\"color: #f59502;\">Tascam 24-Bit\/96 kHz WAV\/BWF Broadcast sound recording<\/span><\/span>[\/mk_icon_box2][mk_padding_divider size=&#8221;50&#8243; visibility=&#8221;visible-sm&#8221;][\/vc_column_inner][vc_column_inner width=&#8221;1\/3&#8243;][mk_icon_box2 icon_size=&#8221;64&#8243; icon=&#8221;mk-icon-video-camera&#8221; icon_color=&#8221;#f59502&#8243; icon_hover_color=&#8221;#ffffff&#8221; icon_hover_background_color=&#8221;#f59502&#8243; title=&#8221;Accessories&#8221; title_size=&#8221;22&#8243; title_weight=&#8221;bold&#8221; title_color=&#8221;#f59502&#8243; title_top_padding=&#8221;20&#8243; title_bottom_padding=&#8221;30&#8243; description_color=&#8221;#ffffff&#8221;]<span style=\"color: #65d4e8;\"><span style=\"color: #f59502;\">Follow focus, Rode microphones, fluid-head tripod, dolly, two Lavalier<\/span> <span style=\"color: #f59502;\">wireless systems, etc<\/span><\/span><\/p>\n<p><span style=\"color: #f59502;\">15,000 watts of lighting<\/span><br \/>\n<span style=\"color: #f59502;\">Final Cut Pro X and DaVinci Resolve editors<\/span>[\/mk_icon_box2][mk_padding_divider size=&#8221;50&#8243; visibility=&#8221;visible-sm&#8221;][\/vc_column_inner][\/vc_row_inner][vc_column_text css=&#8221;.vc_custom_1674220677819{margin-top: 50px !important;margin-bottom: 0px !important;}&#8221;]\n<h3 style=\"text-align: center;\"><span style=\"color: #f59502;\"><span style=\"font-family: 'Helvetica Neue', Helvetica, Arial, sans-serif;\">and all this is a jeep ride in a closed trailer whose roof<br \/>\nis a base that can accommodate a camera at 5 meters from the ground!!!<\/span><\/span><\/h3>\n<h3 style=\"display: none;\">photography eastern townships production vid\u00e9o estrie documentaire estrie publicit\u00e9 estrie s\u00e9rie web estrie<\/h3>\n<p style=\"display: none;\"><a href=\"https:\/\/vimeo.com\/user23839448\">Bob Savard<\/a> photography eastern townships production vid\u00e9o estrie documentaire estrie publicit\u00e9 estrie s\u00e9rie web estrie Plus de 30 ans d\u2019exp\u00e9rience en prises de vues. Avec plus de 30 ans d\u2019exp\u00e9rience en prises de vues, je suis sans crainte de vous d\u00e9cevoir. Mes prix sont comp\u00e9titifs et mon \u00e9quipement complet, l\u00e9ger et 4 saisons est bien adapt\u00e9 \u00e0 plusieurs types de productions. Professionnel dans l\u2019\u00e2me. Que ce soit en production d\u2019images stables ou anim\u00e9es, j\u2019ai la patience, l\u2019\u00e9coute, le leader-ship et la technique pour vous livrer un produit fini de la plus haute qualit\u00e9. Plus de 30 ans d\u2019exp\u00e9rience en prises de vues. <img decoding=\"async\" src=\"http:\/\/www.bobsavard.com\/wp-content\/uploads\/2016\/04\/img_8209.jpg\" alt=\"photography eastern townships production vid\u00e9o estrie documentaire estrie publicit\u00e9 estrie s\u00e9rie web estrie\" \/><\/p>\n<h3 style=\"display: none;\">photography eastern townships production vid\u00e9o estrie documentaire estrie publicit\u00e9 estrie s\u00e9rie web estrie<\/h3>\n<p style=\"display: none;\"><a href=\"https:\/\/vimeo.com\/user23839448\">Bob Savard<\/a> photography eastern townships production vid\u00e9o estrie documentaire estrie publicit\u00e9 estrie s\u00e9rie web estrie Avec plus de 30 ans d\u2019exp\u00e9rience en prises de vues, je suis sans crainte de vous d\u00e9cevoir. Mes prix sont comp\u00e9titifs et mon \u00e9quipement complet, l\u00e9ger et 4 saisons est bien adapt\u00e9 \u00e0 plusieurs types de productions. <a href=\"http:\/\/www.bobsavard.com\/services\/\">Services<\/a><img decoding=\"async\" src=\"http:\/\/www.bobsavard.com\/wp-content\/uploads\/2016\/04\/img_8209.jpg\" alt=\"photography eastern townships production vid\u00e9o estrie documentaire estrie publicit\u00e9 estrie s\u00e9rie web estrie\" \/><\/p>\n<h3 style=\"display: none;\">photography eastern townships production vid\u00e9o estrie documentaire estrie publicit\u00e9 estrie s\u00e9rie web estrie<\/h3>\n<p style=\"display: none;\"><a href=\"https:\/\/vimeo.com\/user23839448\">Bob Savard<\/a> photography eastern townships production vid\u00e9o estrie documentaire estrie publicit\u00e9 estrie s\u00e9rie web estrie Que ce soit en production d\u2019images stables ou anim\u00e9es, j\u2019ai la patience, l\u2019\u00e9coute, le leader-ship et la technique pour vous livrer un produit fini de la plus haute qualit\u00e9. Plus de 30 ans d\u2019exp\u00e9rience en prises de vues.<img decoding=\"async\" src=\"http:\/\/www.bobsavard.com\/wp-content\/uploads\/2016\/04\/img_8209.jpg\" alt=\"photography eastern townships production vid\u00e9o estrie documentaire estrie publicit\u00e9 estrie s\u00e9rie web estrie\" \/><\/p>\n[\/vc_column_text][\/vc_column][\/mk_page_section][vc_row][vc_column][mk_padding_divider][\/vc_column][\/vc_row][vc_row][vc_column][mk_fancy_title tag_name=&#8221;h3&#8243; color=&#8221;#f59502&#8243; size=&#8221;56&#8243; force_font_size=&#8221;true&#8221; size_tablet=&#8221;40&#8243; font_weight=&#8221;300&#8243; txt_transform=&#8221;capitalize&#8221; margin_bottom=&#8221;0&#8243; font_family=&#8221;Poppins&#8221; font_type=&#8221;google&#8221; align=&#8221;center&#8221; animation=&#8221;right-to-left&#8221;]clients[\/mk_fancy_title][mk_clients count=&#8221;17&#8243; orderby=&#8221;menu_order&#8221; border_color=&#8221;#ebebeb&#8221; target=&#8221;_blank&#8221; margin_bottom=&#8221;30&#8243; clients=&#8221;838, 835, 832, 829, 826, 823, 820, 817, 814, 811, 628, 407, 405, 403, 401, 399, 391&#8243;][\/vc_column][\/vc_row][vc_row][vc_column][mk_padding_divider size=&#8221;20&#8243;][\/vc_column][\/vc_row][mk_page_section bg_color=&#8221;#1a1a1a&#8221; padding_top=&#8221;60&#8243; padding_bottom=&#8221;40&#8243; sidebar=&#8221;sidebar-1&#8243;][vc_column][mk_fancy_title color=&#8221;#65d4e8&#8243; size=&#8221;56&#8243; force_font_size=&#8221;true&#8221; size_tablet=&#8221;40&#8243; font_weight=&#8221;300&#8243; txt_transform=&#8221;none&#8221; margin_bottom=&#8221;0&#8243; font_family=&#8221;Poppins&#8221; font_type=&#8221;google&#8221; align=&#8221;center&#8221; animation=&#8221;right-to-left&#8221;]<span style=\"color: #f59502;\">Over 30 years<\/span><br \/>\n<span style=\"color: #f59502;\">of experience in<\/span><br \/>\n<span style=\"color: #f59502;\">photography &amp; video<\/span>[\/mk_fancy_title][\/vc_column][\/mk_page_section][vc_row fullwidth=&#8221;true&#8221; css=&#8221;.vc_custom_1562537277227{margin-bottom: 27px !important;}&#8221;][vc_column][vc_single_image image=&#8221;1427&#8243; img_size=&#8221;full&#8221;][\/vc_column][\/vc_row]","protected":false},"excerpt":{"rendered":"<p>[mk_page_section bg_color=&#8221;#f59502&#8243; full_width=&#8221;true&#8221; padding_top=&#8221;0&#8243; padding_bottom=&#8221;0&#8243; sidebar=&#8221;sidebar-1&#8243;][vc_column css=&#8221;.vc_custom_1562507042285{margin-top: -30px !important;}&#8221;][vc_column_text css=&#8221;.vc_custom_1562218447261{margin-top: 30px !important;margin-bottom: -50px !important;}&#8221;] Production everywhere in Quebec ! [\/vc_column_text][\/vc_column][\/mk_page_section][vc_row fullwidth=&#8221;true&#8221; css=&#8221;.vc_custom_1562986088367{background-color: #000000 !important;}&#8221;][vc_column css=&#8221;.vc_custom_1562986520023{margin-bottom: -36px !important;}&#8221;][vc_raw_html]JTNDZGl2JTIwc3R5bGUlM0QlMjJwYWRkaW5nJTNBNDEuNjclMjUlMjAwJTIwMCUyMDAlM0Jwb3NpdGlvbiUzQXJlbGF0aXZlJTNCJTIyJTNFJTNDaWZyYW1lJTIwc3JjJTNEJTIyaHR0cHMlM0ElMkYlMkZwbGF5ZXIudmltZW8uY29tJTJGdmlkZW8lMkYyMjc3NjUxNTElM0Z0aXRsZSUzRDAlMjZieWxpbmUlM0QwJTI2cG9ydHJhaXQlM0QwJTIyJTIwc3R5bGUlM0QlMjJwb3NpdGlvbiUzQWFic29sdXRlJTNCdG9wJTNBMCUzQmxlZnQlM0EwJTNCd2lkdGglM0ExMDAlMjUlM0JoZWlnaHQlM0ExMDAlMjUlM0IlMjIlMjBmcmFtZWJvcmRlciUzRCUyMjAlMjIlMjBhbGxvdyUzRCUyMmF1dG9wbGF5JTNCJTIwZnVsbHNjcmVlbiUyMiUyMGFsbG93ZnVsbHNjcmVlbiUzRSUzQyUyRmlmcmFtZSUzRSUzQyUyRmRpdiUzRSUzQ3NjcmlwdCUyMHNyYyUzRCUyMmh0dHBzJTNBJTJGJTJGcGxheWVyLnZpbWVvLmNvbSUyRmFwaSUyRnBsYXllci5qcyUyMiUzRSUzQyUyRnNjcmlwdCUzRQ==[\/vc_raw_html][\/vc_column][\/vc_row][mk_page_section bg_image=&#8221;http:\/\/www.bobsavard.com\/wp-content\/uploads\/2016\/04\/equipement_2.jpg&#8221; attachment=&#8221;fixed&#8221; bg_repeat=&#8221;no-repeat&#8221; bg_stretch=&#8221;true&#8221; enable_3d=&#8221;true&#8221; video_color_mask=&#8221;rgba(0,0,0,0.6)&#8221; video_opacity=&#8221;0.4&#8243; top_shadow=&#8221;true&#8221; full_width=&#8221;true&#8221; padding_top=&#8221;90&#8243; padding_bottom=&#8221;125&#8243; sidebar=&#8221;sidebar-1&#8243;][vc_column][mk_fancy_title color=&#8221;#f59502&#8243; size=&#8221;56&#8243; force_font_size=&#8221;true&#8221; size_tablet=&#8221;40&#8243; font_weight=&#8221;300&#8243; txt_transform=&#8221;capitalize&#8221; margin_top=&#8221;&#8221; margin_bottom=&#8221;60&#8243; font_family=&#8221;Poppins&#8221; font_type=&#8221;google&#8221; align=&#8221;center&#8221; animation=&#8221;right-to-left&#8221;]Equipment[\/mk_fancy_title][vc_row_inner][vc_column_inner width=&#8221;1\/3&#8243;][mk_icon_box2 icon_size=&#8221;64&#8243; icon=&#8221;mk-moon-camera-3&#8243; icon_color=&#8221;#f59502&#8243; [&hellip;]<\/p>\n","protected":false},"author":3,"featured_media":0,"parent":0,"menu_order":0,"comment_status":"closed","ping_status":"closed","template":"","meta":[],"yst_prominent_words":[36,32,37,28,18,29,19,24,22,27,17,25,23,15,31,21,26,16,30,20],"_links":{"self":[{"href":"https:\/\/www.bobsavard.com\/en\/wp-json\/wp\/v2\/pages\/5"}],"collection":[{"href":"https:\/\/www.bobsavard.com\/en\/wp-json\/wp\/v2\/pages"}],"about":[{"href":"https:\/\/www.bobsavard.com\/en\/wp-json\/wp\/v2\/types\/page"}],"author":[{"embeddable":true,"href":"https:\/\/www.bobsavard.com\/en\/wp-json\/wp\/v2\/users\/3"}],"replies":[{"embeddable":true,"href":"https:\/\/www.bobsavard.com\/en\/wp-json\/wp\/v2\/comments?post=5"}],"version-history":[{"count":635,"href":"https:\/\/www.bobsavard.com\/en\/wp-json\/wp\/v2\/pages\/5\/revisions"}],"predecessor-version":[{"id":2506,"href":"https:\/\/www.bobsavard.com\/en\/wp-json\/wp\/v2\/pages\/5\/revisions\/2506"}],"wp:attachment":[{"href":"https:\/\/www.bobsavard.com\/en\/wp-json\/wp\/v2\/media?parent=5"}],"wp:term":[{"taxonomy":"yst_prominent_words","embeddable":true,"href":"https:\/\/www.bobsavard.com\/en\/wp-json\/wp\/v2\/yst_prominent_words?post=5"}],"curies":[{"name":"wp","href":"https:\/\/api.w.org\/{rel}","templated":true}]}}